{"id":72,"date":"2024-05-06T07:33:46","date_gmt":"2024-05-06T07:33:46","guid":{"rendered":"https:\/\/www.framepower.fi\/?page_id=72"},"modified":"2024-05-06T07:33:47","modified_gmt":"2024-05-06T07:33:47","slug":"framepower-oy-valittu-kasvu-openiin","status":"publish","type":"page","link":"https:\/\/www.framepower.fi\/index.php\/framepower-oy-valittu-kasvu-openiin\/","title":{"rendered":"FramePower Oy valittu Kasvu  Openiin"},"content":{"rendered":"\n<p>Frame Power Oy tutkimus- ja kehitysty\u00f6n edistyess\u00e4 my\u00f6s yrityksen liiketoiminnan kehittymisen varmistamiseksi olemme hakeneet ja tulleet valituksi osaksi Kasvu Openin yrityssparraus ohjelmaa.<\/p>\n\n\n\n<p>Olemme iloisia p\u00e4\u00e4stess\u00e4mme osaksi Kasvu Open-yhteis\u00f6\u00e4. Uskomme Kasvu Openin mahdollistavan entist\u00e4 paremmat liiketoiminnan kehitt\u00e4misen mahdollisuudet sek\u00e4 avaamaan uusia kontakteja ja luomaan vahvaa verkostoa muiden alan toimijoiden kanssa.<\/p>\n\n\n\n<p>Lis\u00e4tietoja Kasvu Openista:<a href=\"https:\/\/kasvuopen.fi\/kasvupolku-sparrausohjelmiin-yli-200-kasvun-nalkaista-yritysta\/\" data-type=\"link\" data-id=\"https:\/\/kasvuopen.fi\/kasvupolku-sparrausohjelmiin-yli-200-kasvun-nalkaista-yritysta\/\">https:\/\/kasvuopen.fi\/kasvupolku-sparrausohjelmiin-yli-200-kasvun-nalkaista-yritysta\/<\/a><\/p>\n","protected":false},"excerpt":{"rendered":"<p>Frame Power Oy tutkimus- ja kehitysty\u00f6n edistyess\u00e4 my\u00f6s yrityksen liiketoiminnan kehittymisen varmistamiseksi olemme hakeneet ja tulleet valituksi osaksi Kasvu Openin yrityssparraus ohjelmaa. Olemme iloisia p\u00e4\u00e4stess\u00e4mme osaksi Kasvu Open-yhteis\u00f6\u00e4. Uskomme Kasvu Openin mahdollistavan entist\u00e4 paremmat liiketoiminnan kehitt\u00e4misen mahdollisuudet sek\u00e4 avaamaan uusia kontakteja ja luomaan vahvaa verkostoa muiden alan toimijoiden kanssa. Lis\u00e4tietoja Kasvu Openista:https:\/\/kasvuopen.fi\/kasvupolku-sparrausohjelmiin-yli-200-kasvun-nalkaista-yritysta\/<\/p>\n","protected":false},"author":1,"featured_media":0,"parent":0,"menu_order":0,"comment_status":"closed","ping_status":"closed","template":"","meta":{"footnotes":""},"class_list":["post-72","page","type-page","status-publish","hentry"],"_links":{"self":[{"href":"https:\/\/www.framepower.fi\/index.php\/wp-json\/wp\/v2\/pages\/72","targetHints":{"allow":["GET"]}}],"collection":[{"href":"https:\/\/www.framepower.fi\/index.php\/wp-json\/wp\/v2\/pages"}],"about":[{"href":"https:\/\/www.framepower.fi\/index.php\/wp-json\/wp\/v2\/types\/page"}],"author":[{"embeddable":true,"href":"https:\/\/www.framepower.fi\/index.php\/wp-json\/wp\/v2\/users\/1"}],"replies":[{"embeddable":true,"href":"https:\/\/www.framepower.fi\/index.php\/wp-json\/wp\/v2\/comments?post=72"}],"version-history":[{"count":1,"href":"https:\/\/www.framepower.fi\/index.php\/wp-json\/wp\/v2\/pages\/72\/revisions"}],"predecessor-version":[{"id":73,"href":"https:\/\/www.framepower.fi\/index.php\/wp-json\/wp\/v2\/pages\/72\/revisions\/73"}],"wp:attachment":[{"href":"https:\/\/www.framepower.fi\/index.php\/wp-json\/wp\/v2\/media?parent=72"}],"curies":[{"name":"wp","href":"https:\/\/api.w.org\/{rel}","templated":true}]}}