{"id":46,"date":"2023-11-10T08:13:15","date_gmt":"2023-11-10T08:13:15","guid":{"rendered":"https:\/\/www.framepower.fi\/?page_id=46"},"modified":"2024-06-24T09:34:20","modified_gmt":"2024-06-24T09:34:20","slug":"yhteystiedot","status":"publish","type":"page","link":"https:\/\/www.framepower.fi\/index.php\/home\/yhteystiedot\/","title":{"rendered":"Yhteystiedot"},"content":{"rendered":"\n<ul class=\"wp-block-list\">\n<li>Timo Paananen, TJ\n<ul class=\"wp-block-list\">\n<li>Hallinto, laatu ja IT<\/li>\n\n\n\n<li>timo@framepower.fi<\/li>\n\n\n\n<li>+358 40 8626 962<\/li>\n<\/ul>\n<\/li>\n\n\n\n<li>Juha Palonen\n<ul class=\"wp-block-list\">\n<li>Tuote- ja kehitysp\u00e4\u00e4llikk\u00f6<\/li>\n\n\n\n<li>juha@framepower.fi<\/li>\n\n\n\n<li>+358 400 646 218<\/li>\n<\/ul>\n<\/li>\n\n\n\n<li>Marko Kauppinen\n<ul class=\"wp-block-list\">\n<li> Projekti- ja myyntijohto<\/li>\n\n\n\n<li>marko@framepower.fi<\/li>\n\n\n\n<li>+358 40 5925403 <\/li>\n<\/ul>\n<\/li>\n\n\n\n<li>Jari Pihlasaho\n<ul class=\"wp-block-list\">\n<li>Tuotetestausp\u00e4\u00e4llikk\u00f6<\/li>\n\n\n\n<li>jari@framepower.fi <\/li>\n\n\n\n<li>+358 400 431792<\/li>\n<\/ul>\n<\/li>\n<\/ul>\n","protected":false},"excerpt":{"rendered":"","protected":false},"author":1,"featured_media":0,"parent":6,"menu_order":2,"comment_status":"closed","ping_status":"closed","template":"","meta":{"footnotes":""},"class_list":["post-46","page","type-page","status-publish","hentry"],"_links":{"self":[{"href":"https:\/\/www.framepower.fi\/index.php\/wp-json\/wp\/v2\/pages\/46","targetHints":{"allow":["GET"]}}],"collection":[{"href":"https:\/\/www.framepower.fi\/index.php\/wp-json\/wp\/v2\/pages"}],"about":[{"href":"https:\/\/www.framepower.fi\/index.php\/wp-json\/wp\/v2\/types\/page"}],"author":[{"embeddable":true,"href":"https:\/\/www.framepower.fi\/index.php\/wp-json\/wp\/v2\/users\/1"}],"replies":[{"embeddable":true,"href":"https:\/\/www.framepower.fi\/index.php\/wp-json\/wp\/v2\/comments?post=46"}],"version-history":[{"count":4,"href":"https:\/\/www.framepower.fi\/index.php\/wp-json\/wp\/v2\/pages\/46\/revisions"}],"predecessor-version":[{"id":85,"href":"https:\/\/www.framepower.fi\/index.php\/wp-json\/wp\/v2\/pages\/46\/revisions\/85"}],"up":[{"embeddable":true,"href":"https:\/\/www.framepower.fi\/index.php\/wp-json\/wp\/v2\/pages\/6"}],"wp:attachment":[{"href":"https:\/\/www.framepower.fi\/index.php\/wp-json\/wp\/v2\/media?parent=46"}],"curies":[{"name":"wp","href":"https:\/\/api.w.org\/{rel}","templated":true}]}}